{"id":488,"date":"2024-10-21T06:25:29","date_gmt":"2024-10-21T06:25:29","guid":{"rendered":"https:\/\/produktion3.proweb-jssverige.com\/tillverkning-av-stalkonstruktioner\/"},"modified":"2024-11-20T09:07:14","modified_gmt":"2024-11-20T09:07:14","slug":"tillverkning-av-stalkonstruktioner","status":"publish","type":"page","link":"https:\/\/expertweldingmaint.com\/sv\/tillverkning-av-stalkonstruktioner\/","title":{"rendered":"Tillverkning av st\u00e5lkonstruktioner"},"content":{"rendered":"<div class=\"fusion-fullwidth fullwidth-box fusion-builder-row-1 fusion-flex-container fusion-parallax-none hundred-percent-fullwidth non-hundred-percent-height-scrolling\" style=\"--link_hover_color: hsla(var(--awb-color4-h),var(--awb-color4-s),var(--awb-color4-l),calc(var(--awb-color4-a) - 24%));--link_color: var(--awb-color4);--awb-border-sizes-top:30px;--awb-border-sizes-bottom:30px;--awb-border-sizes-left:30px;--awb-border-sizes-right:30px;--awb-border-color:var(--awb-color1);--awb-border-radius-top-left:0px;--awb-border-radius-top-right:0px;--awb-border-radius-bottom-right:0px;--awb-border-radius-bottom-left:0px;--awb-padding-top:7vw;--awb-padding-right:7vw;--awb-padding-bottom:7vw;--awb-padding-left:7vw;--awb-padding-top-small:40px;--awb-padding-right-small:40px;--awb-padding-bottom-small:40px;--awb-padding-left-small:40px;--awb-margin-top:0px;--awb-margin-bottom:0px;--awb-background-color:var(--awb-color8);--awb-background-image:linear-gradient(152deg, hsla(var(--awb-color8-h),var(--awb-color8-s),var(--awb-color8-l),calc(var(--awb-color8-a) - 15%)) 18%,hsla(var(--awb-color8-h),var(--awb-color8-s),var(--awb-color8-l),calc(var(--awb-color8-a) - 75%)) 61%),url(https:\/\/expertweldingmaint.com\/wp-content\/uploads\/2024\/10\/20181005_184809.jpg);;--awb-background-size:cover;--awb-flex-wrap:wrap;\" ><div class=\"fusion-builder-row fusion-row fusion-flex-align-items-center fusion-flex-content-wrap\" style=\"width:104% !important;max-width:104% !important;margin-left: calc(-4% \/ 2 );margin-right: calc(-4% \/ 2 );\"><div class=\"fusion-layout-column fusion_builder_column fusion-builder-column-0 fusion_builder_column_4_5 4_5 fusion-flex-column fusion-animated\" style=\"--awb-padding-bottom-medium:0px;--awb-bg-size:cover;--awb-width-large:80%;--awb-margin-top-large:0px;--awb-spacing-right-large:2.4%;--awb-margin-bottom-large:70px;--awb-spacing-left-large:2.4%;--awb-width-medium:100%;--awb-order-medium:0;--awb-spacing-right-medium:1.92%;--awb-spacing-left-medium:1.92%;--awb-width-small:100%;--awb-order-small:0;--awb-spacing-right-small:1.92%;--awb-spacing-left-small:1.92%;\" data-animationType=\"fadeInUp\" data-animationDuration=\"1.3\" data-animationOffset=\"top-into-view\"><div class=\"fusion-column-wrapper fusion-column-has-shadow fusion-flex-justify-content-flex-start fusion-content-layout-row\"><div class=\"fusion-title title fusion-title-1 fusion-no-small-visibility fusion-sep-none fusion-title-text fusion-title-size-one\" style=\"--awb-text-color:var(--awb-color1);--awb-margin-right:30%;--awb-margin-bottom:30px;--awb-margin-right-medium:0px;\"><h1 class=\"fusion-title-heading title-heading-left fusion-responsive-typography-calculated\" style=\"margin:0;--fontSize:64;line-height:var(--awb-typography1-line-height);\"><strong>Tillverkning av st\u00e5lkonstruktioner<\/strong><\/h1><\/div><div class=\"fusion-title title fusion-title-2 fusion-no-medium-visibility fusion-no-large-visibility fusion-sep-none fusion-title-text fusion-title-size-one\" style=\"--awb-text-color:var(--awb-color1);--awb-margin-right:30%;--awb-margin-bottom:30px;--awb-margin-bottom-small:30px;--awb-margin-right-medium:0px;--awb-font-size:55px;\"><h1 class=\"fusion-title-heading title-heading-left fusion-responsive-typography-calculated\" style=\"margin:0;font-size:1em;--fontSize:55;line-height:1.09;\">Tillverkning av st\u00e5lkonstruktioner<\/h1><\/div><div class=\"fusion-text fusion-text-1 fusion-no-small-visibility fusion-text-no-margin\" style=\"--awb-font-size:var(--awb-typography4-font-size);--awb-line-height:var(--awb-typography4-line-height);--awb-letter-spacing:var(--awb-typography4-letter-spacing);--awb-text-transform:var(--awb-typography4-text-transform);--awb-text-color:var(--awb-color1);--awb-margin-top:0px;--awb-margin-right:40%;--awb-text-font-family:var(--awb-typography4-font-family);--awb-text-font-weight:var(--awb-typography4-font-weight);--awb-text-font-style:var(--awb-typography4-font-style);\"><p>Vi konstruerar och tillverkar kundanpassade st\u00e5lkonstruktioner f\u00f6r byggnader, anl\u00e4ggningar och maskininstallationer, med fokus p\u00e5 kvalitet och h\u00e5llbarhet.<\/p>\n<\/div><div class=\"fusion-text fusion-text-2 fusion-no-medium-visibility fusion-no-large-visibility fusion-text-no-margin\" style=\"--awb-font-size:var(--awb-typography4-font-size);--awb-line-height:var(--awb-typography4-line-height);--awb-letter-spacing:var(--awb-typography4-letter-spacing);--awb-text-transform:var(--awb-typography4-text-transform);--awb-text-color:var(--awb-color1);--awb-margin-top:0px;--awb-text-font-family:var(--awb-typography4-font-family);--awb-text-font-weight:var(--awb-typography4-font-weight);--awb-text-font-style:var(--awb-typography4-font-style);\"><p>Vi konstruerar och tillverkar kundanpassade st\u00e5lkonstruktioner f\u00f6r byggnader, anl\u00e4ggningar och maskininstallationer, med fokus p\u00e5 kvalitet och h\u00e5llbarhet.<\/p>\n<\/div><\/div><\/div><div class=\"fusion-layout-column fusion_builder_column fusion-builder-column-1 fusion_builder_column_1_1 1_1 fusion-flex-column fusion-no-small-visibility fusion-animated\" style=\"--awb-padding-bottom-medium:0px;--awb-bg-size:cover;--awb-width-large:100%;--awb-margin-top-large:0px;--awb-spacing-right-large:1.92%;--awb-margin-bottom-large:12vw;--awb-spacing-left-large:1.92%;--awb-width-medium:100%;--awb-order-medium:0;--awb-spacing-right-medium:1.92%;--awb-spacing-left-medium:1.92%;--awb-width-small:100%;--awb-order-small:0;--awb-spacing-right-small:1.92%;--awb-spacing-left-small:1.92%;\" data-animationType=\"fadeInUp\" data-animationDuration=\"1.3\" data-animationOffset=\"top-into-view\"><div class=\"fusion-column-wrapper fusion-column-has-shadow fusion-flex-justify-content-flex-start fusion-content-layout-row\"><div ><a class=\"fusion-button button-flat fusion-button-default-size button-custom fusion-button-default button-1 fusion-button-default-span \" style=\"--button_accent_color:var(--awb-color1);--button_accent_hover_color:var(--awb-color1);--button_border_hover_color:var(--awb-color1);--button_border_width-top:0px;--button_border_width-right:0px;--button_border_width-bottom:0px;--button_border_width-left:0px;--button-border-radius-top-left:0;--button-border-radius-top-right:0;--button-border-radius-bottom-right:0;--button-border-radius-bottom-left:0;--button_gradient_top_color:var(--awb-color5);--button_gradient_bottom_color:var(--awb-color5);--button_gradient_top_color_hover:var(--awb-color4);--button_gradient_bottom_color_hover:var(--awb-color4);--button_text_transform:var(--awb-typography3-text-transform);--button_font_size:var(--awb-typography3-font-size);--button_line_height:var(--awb-typography3-line-height);--button_padding-top:20px;--button_padding-right:55px;--button_padding-bottom:20px;--button_padding-left:55px;--button_typography-letter-spacing:var(--awb-typography3-letter-spacing);--button_typography-font-family:var(--awb-typography3-font-family);--button_typography-font-weight:var(--awb-typography3-font-weight);--button_typography-font-style:var(--awb-typography3-font-style);--button_margin-right:30px;\" target=\"_self\" href=\"https:\/\/expertweldingmaint.com\/sv\/kontakt\/\"><span class=\"fusion-button-text awb-button__text awb-button__text--default\">Kom ig\u00e5ng idag<\/span><\/a><\/div><\/div><\/div><div class=\"fusion-layout-column fusion_builder_column fusion-builder-column-2 fusion_builder_column_1_1 1_1 fusion-flex-column fusion-no-medium-visibility fusion-no-large-visibility fusion-animated\" style=\"--awb-padding-bottom-medium:0px;--awb-bg-size:cover;--awb-width-large:100%;--awb-margin-top-large:0px;--awb-spacing-right-large:1.92%;--awb-margin-bottom-large:12vw;--awb-spacing-left-large:1.92%;--awb-width-medium:100%;--awb-order-medium:0;--awb-spacing-right-medium:1.92%;--awb-spacing-left-medium:1.92%;--awb-width-small:100%;--awb-order-small:0;--awb-spacing-right-small:1.92%;--awb-spacing-left-small:1.92%;\" data-animationType=\"fadeInUp\" data-animationDuration=\"1.3\" data-animationOffset=\"top-into-view\"><div class=\"fusion-column-wrapper fusion-column-has-shadow fusion-flex-justify-content-flex-start fusion-content-layout-column\"><div ><a class=\"fusion-button button-flat fusion-button-default-size button-custom fusion-button-default button-2 fusion-button-span-yes \" style=\"--button_accent_color:var(--awb-color1);--button_accent_hover_color:var(--awb-color1);--button_border_hover_color:var(--awb-color1);--button_border_width-top:0px;--button_border_width-right:0px;--button_border_width-bottom:0px;--button_border_width-left:0px;--button-border-radius-top-left:0;--button-border-radius-top-right:0;--button-border-radius-bottom-right:0;--button-border-radius-bottom-left:0;--button_gradient_top_color:var(--awb-color5);--button_gradient_bottom_color:var(--awb-color5);--button_gradient_top_color_hover:var(--awb-color5);--button_gradient_bottom_color_hover:var(--awb-color5);--button_text_transform:var(--awb-typography3-text-transform);--button_font_size:var(--awb-typography3-font-size);--button_line_height:var(--awb-typography3-line-height);--button_padding-top:20px;--button_padding-right:55px;--button_padding-bottom:20px;--button_padding-left:55px;--button_typography-letter-spacing:var(--awb-typography3-letter-spacing);--button_typography-font-family:var(--awb-typography3-font-family);--button_typography-font-weight:var(--awb-typography3-font-weight);--button_typography-font-style:var(--awb-typography3-font-style);--button_margin-right:0px;--button_margin-bottom:20px;width:calc(100% - 0px);\" target=\"_self\" href=\"https:\/\/expertweldingmaint.com\/sv\/kontakt\/\"><span class=\"fusion-button-text awb-button__text awb-button__text--default\">Kom ig\u00e5ng idag<\/span><\/a><\/div><\/div><\/div><\/div><\/div>\n","protected":false},"excerpt":{"rendered":"","protected":false},"author":2,"featured_media":0,"parent":0,"menu_order":0,"comment_status":"closed","ping_status":"closed","template":"100-width.php","meta":{"footnotes":""},"class_list":["post-488","page","type-page","status-publish","hentry"],"yoast_head":"<!-- This site is optimized with the Yoast SEO plugin v26.9 - https:\/\/yoast.com\/product\/yoast-seo-wordpress\/ -->\n<title>Tillverkning av st\u00e5lkonstruktioner - Expert Welding Maint<\/title>\n<meta name=\"description\" content=\"Vi konstruerar och tillverkar kundanpassade st\u00e5lkonstruktioner f\u00f6r byggnader, anl\u00e4ggningar och maskininstallationer...\" \/>\n<meta name=\"robots\" content=\"index, follow, max-snippet:-1, max-image-preview:large, max-video-preview:-1\" \/>\n<link rel=\"canonical\" href=\"https:\/\/expertweldingmaint.com\/sv\/tillverkning-av-stalkonstruktioner\/\" \/>\n<meta property=\"og:locale\" content=\"sv_SE\" \/>\n<meta property=\"og:type\" content=\"article\" \/>\n<meta property=\"og:title\" content=\"Tillverkning av st\u00e5lkonstruktioner - Expert Welding Maint\" \/>\n<meta property=\"og:description\" content=\"Vi konstruerar och tillverkar kundanpassade st\u00e5lkonstruktioner f\u00f6r byggnader, anl\u00e4ggningar och maskininstallationer...\" \/>\n<meta property=\"og:url\" content=\"https:\/\/expertweldingmaint.com\/sv\/tillverkning-av-stalkonstruktioner\/\" \/>\n<meta property=\"og:site_name\" content=\"Expert Welding Maint\" \/>\n<meta property=\"article:modified_time\" content=\"2024-11-20T09:07:14+00:00\" \/>\n<meta property=\"og:image\" content=\"https:\/\/expertweldingmaint.com\/wp-content\/uploads\/2024\/11\/open_graph.png\" \/>\n\t<meta property=\"og:image:width\" content=\"1200\" \/>\n\t<meta property=\"og:image:height\" content=\"675\" \/>\n\t<meta property=\"og:image:type\" content=\"image\/png\" \/>\n<meta name=\"twitter:card\" content=\"summary_large_image\" \/>\n<meta name=\"twitter:label1\" content=\"Ber\u00e4knad l\u00e4stid\" \/>\n\t<meta name=\"twitter:data1\" content=\"9 minuter\" \/>\n<script type=\"application\/ld+json\" class=\"yoast-schema-graph\">{\"@context\":\"https:\/\/schema.org\",\"@graph\":[{\"@type\":\"WebPage\",\"@id\":\"https:\/\/expertweldingmaint.com\/sv\/tillverkning-av-stalkonstruktioner\/\",\"url\":\"https:\/\/expertweldingmaint.com\/sv\/tillverkning-av-stalkonstruktioner\/\",\"name\":\"Tillverkning av st\u00e5lkonstruktioner - Expert Welding Maint\",\"isPartOf\":{\"@id\":\"https:\/\/expertweldingmaint.com\/#website\"},\"datePublished\":\"2024-10-21T06:25:29+00:00\",\"dateModified\":\"2024-11-20T09:07:14+00:00\",\"description\":\"Vi konstruerar och tillverkar kundanpassade st\u00e5lkonstruktioner f\u00f6r byggnader, anl\u00e4ggningar och maskininstallationer...\",\"breadcrumb\":{\"@id\":\"https:\/\/expertweldingmaint.com\/sv\/tillverkning-av-stalkonstruktioner\/#breadcrumb\"},\"inLanguage\":\"sv-SE\",\"potentialAction\":[{\"@type\":\"ReadAction\",\"target\":[\"https:\/\/expertweldingmaint.com\/sv\/tillverkning-av-stalkonstruktioner\/\"]}]},{\"@type\":\"BreadcrumbList\",\"@id\":\"https:\/\/expertweldingmaint.com\/sv\/tillverkning-av-stalkonstruktioner\/#breadcrumb\",\"itemListElement\":[{\"@type\":\"ListItem\",\"position\":1,\"name\":\"Home\",\"item\":\"https:\/\/expertweldingmaint.com\/sv\/framsida-2\/\"},{\"@type\":\"ListItem\",\"position\":2,\"name\":\"Tillverkning av st\u00e5lkonstruktioner\"}]},{\"@type\":\"WebSite\",\"@id\":\"https:\/\/expertweldingmaint.com\/#website\",\"url\":\"https:\/\/expertweldingmaint.com\/\",\"name\":\"Expert Welding Maint\",\"description\":\"\",\"potentialAction\":[{\"@type\":\"SearchAction\",\"target\":{\"@type\":\"EntryPoint\",\"urlTemplate\":\"https:\/\/expertweldingmaint.com\/?s={search_term_string}\"},\"query-input\":{\"@type\":\"PropertyValueSpecification\",\"valueRequired\":true,\"valueName\":\"search_term_string\"}}],\"inLanguage\":\"sv-SE\"}]}<\/script>\n<!-- \/ Yoast SEO plugin. -->","yoast_head_json":{"title":"Tillverkning av st\u00e5lkonstruktioner - Expert Welding Maint","description":"Vi konstruerar och tillverkar kundanpassade st\u00e5lkonstruktioner f\u00f6r byggnader, anl\u00e4ggningar och maskininstallationer...","robots":{"index":"index","follow":"follow","max-snippet":"max-snippet:-1","max-image-preview":"max-image-preview:large","max-video-preview":"max-video-preview:-1"},"canonical":"https:\/\/expertweldingmaint.com\/sv\/tillverkning-av-stalkonstruktioner\/","og_locale":"sv_SE","og_type":"article","og_title":"Tillverkning av st\u00e5lkonstruktioner - Expert Welding Maint","og_description":"Vi konstruerar och tillverkar kundanpassade st\u00e5lkonstruktioner f\u00f6r byggnader, anl\u00e4ggningar och maskininstallationer...","og_url":"https:\/\/expertweldingmaint.com\/sv\/tillverkning-av-stalkonstruktioner\/","og_site_name":"Expert Welding Maint","article_modified_time":"2024-11-20T09:07:14+00:00","og_image":[{"width":1200,"height":675,"url":"https:\/\/expertweldingmaint.com\/wp-content\/uploads\/2024\/11\/open_graph.png","type":"image\/png"}],"twitter_card":"summary_large_image","twitter_misc":{"Ber\u00e4knad l\u00e4stid":"9 minuter"},"schema":{"@context":"https:\/\/schema.org","@graph":[{"@type":"WebPage","@id":"https:\/\/expertweldingmaint.com\/sv\/tillverkning-av-stalkonstruktioner\/","url":"https:\/\/expertweldingmaint.com\/sv\/tillverkning-av-stalkonstruktioner\/","name":"Tillverkning av st\u00e5lkonstruktioner - Expert Welding Maint","isPartOf":{"@id":"https:\/\/expertweldingmaint.com\/#website"},"datePublished":"2024-10-21T06:25:29+00:00","dateModified":"2024-11-20T09:07:14+00:00","description":"Vi konstruerar och tillverkar kundanpassade st\u00e5lkonstruktioner f\u00f6r byggnader, anl\u00e4ggningar och maskininstallationer...","breadcrumb":{"@id":"https:\/\/expertweldingmaint.com\/sv\/tillverkning-av-stalkonstruktioner\/#breadcrumb"},"inLanguage":"sv-SE","potentialAction":[{"@type":"ReadAction","target":["https:\/\/expertweldingmaint.com\/sv\/tillverkning-av-stalkonstruktioner\/"]}]},{"@type":"BreadcrumbList","@id":"https:\/\/expertweldingmaint.com\/sv\/tillverkning-av-stalkonstruktioner\/#breadcrumb","itemListElement":[{"@type":"ListItem","position":1,"name":"Home","item":"https:\/\/expertweldingmaint.com\/sv\/framsida-2\/"},{"@type":"ListItem","position":2,"name":"Tillverkning av st\u00e5lkonstruktioner"}]},{"@type":"WebSite","@id":"https:\/\/expertweldingmaint.com\/#website","url":"https:\/\/expertweldingmaint.com\/","name":"Expert Welding Maint","description":"","potentialAction":[{"@type":"SearchAction","target":{"@type":"EntryPoint","urlTemplate":"https:\/\/expertweldingmaint.com\/?s={search_term_string}"},"query-input":{"@type":"PropertyValueSpecification","valueRequired":true,"valueName":"search_term_string"}}],"inLanguage":"sv-SE"}]}},"_links":{"self":[{"href":"https:\/\/expertweldingmaint.com\/sv\/wp-json\/wp\/v2\/pages\/488","targetHints":{"allow":["GET"]}}],"collection":[{"href":"https:\/\/expertweldingmaint.com\/sv\/wp-json\/wp\/v2\/pages"}],"about":[{"href":"https:\/\/expertweldingmaint.com\/sv\/wp-json\/wp\/v2\/types\/page"}],"author":[{"embeddable":true,"href":"https:\/\/expertweldingmaint.com\/sv\/wp-json\/wp\/v2\/users\/2"}],"replies":[{"embeddable":true,"href":"https:\/\/expertweldingmaint.com\/sv\/wp-json\/wp\/v2\/comments?post=488"}],"version-history":[{"count":8,"href":"https:\/\/expertweldingmaint.com\/sv\/wp-json\/wp\/v2\/pages\/488\/revisions"}],"predecessor-version":[{"id":773,"href":"https:\/\/expertweldingmaint.com\/sv\/wp-json\/wp\/v2\/pages\/488\/revisions\/773"}],"wp:attachment":[{"href":"https:\/\/expertweldingmaint.com\/sv\/wp-json\/wp\/v2\/media?parent=488"}],"curies":[{"name":"wp","href":"https:\/\/api.w.org\/{rel}","templated":true}]}}