{"id":498,"date":"2024-06-27T06:51:04","date_gmt":"2024-06-27T06:51:04","guid":{"rendered":"https:\/\/produktion3.proweb-jssverige.com\/partner-sida\/"},"modified":"2026-02-10T10:21:14","modified_gmt":"2026-02-10T10:21:14","slug":"partner-sida","status":"publish","type":"page","link":"https:\/\/expertweldingmaint.com\/sv\/partner-sida\/","title":{"rendered":"Partner sida"},"content":{"rendered":"<p><div class=\"fusion-fullwidth fullwidth-box fusion-builder-row-1 fusion-flex-container has-pattern-background has-mask-background nonhundred-percent-fullwidth non-hundred-percent-height-scrolling\" style=\"--awb-border-radius-top-left:0px;--awb-border-radius-top-right:0px;--awb-border-radius-bottom-right:0px;--awb-border-radius-bottom-left:0px;--awb-flex-wrap:wrap;\" ><div class=\"fusion-builder-row fusion-row fusion-flex-align-items-flex-start fusion-flex-content-wrap\" style=\"max-width:1248px;margin-left: calc(-4% \/ 2 );margin-right: calc(-4% \/ 2 );\"><div class=\"fusion-layout-column fusion_builder_column fusion-builder-column-0 fusion_builder_column_1_2 1_2 fusion-flex-column fusion-flex-align-self-stretch\" style=\"--awb-bg-size:cover;--awb-width-large:50%;--awb-margin-top-large:0px;--awb-spacing-right-large:3.84%;--awb-margin-bottom-large:20px;--awb-spacing-left-large:3.84%;--awb-width-medium:50%;--awb-order-medium:0;--awb-spacing-right-medium:3.84%;--awb-spacing-left-medium:3.84%;--awb-width-small:100%;--awb-order-small:0;--awb-spacing-right-small:1.92%;--awb-spacing-left-small:1.92%;\"><div class=\"fusion-column-wrapper fusion-column-has-shadow fusion-flex-justify-content-center fusion-content-layout-column\"><div class=\"fusion-image-element \" style=\"text-align:center;--awb-caption-title-font-family:var(--h2_typography-font-family);--awb-caption-title-font-weight:var(--h2_typography-font-weight);--awb-caption-title-font-style:var(--h2_typography-font-style);--awb-caption-title-size:var(--h2_typography-font-size);--awb-caption-title-transform:var(--h2_typography-text-transform);--awb-caption-title-line-height:var(--h2_typography-line-height);--awb-caption-title-letter-spacing:var(--h2_typography-letter-spacing);\"><span class=\" fusion-imageframe imageframe-none imageframe-1 hover-type-none\"><a class=\"fusion-no-lightbox\" href=\"https:\/\/www.jarnab.se\/\" target=\"_blank\" aria-label=\"Svetspartner i Malm\u00f6 AB_186x95\" rel=\"noopener noreferrer\"><img decoding=\"async\" width=\"200\" height=\"55\" src=\"https:\/\/expertweldingmaint.com\/wp-content\/uploads\/2024\/10\/Svetspartner-i-Malmo-AB_186x95.png\" alt class=\"img-responsive wp-image-482\"\/><\/a><\/span><\/div><div class=\"fusion-text fusion-text-1\" style=\"--awb-content-alignment:center;--awb-margin-top:20px;\"><p>Svetspartner i Malm\u00f6 AB<\/p>\n<p>Stenyxegatan 6<br \/>213 76 Malm\u00f6<br \/>Sverige<\/p>\n<\/div><\/div><\/div><div class=\"fusion-layout-column fusion_builder_column fusion-builder-column-1 fusion_builder_column_1_2 1_2 fusion-flex-column\" style=\"--awb-bg-size:cover;--awb-width-large:50%;--awb-margin-top-large:0px;--awb-spacing-right-large:3.84%;--awb-margin-bottom-large:20px;--awb-spacing-left-large:3.84%;--awb-width-medium:50%;--awb-order-medium:0;--awb-spacing-right-medium:3.84%;--awb-spacing-left-medium:3.84%;--awb-width-small:100%;--awb-order-small:0;--awb-spacing-right-small:1.92%;--awb-spacing-left-small:1.92%;\"><div class=\"fusion-column-wrapper fusion-column-has-shadow fusion-flex-justify-content-flex-start fusion-content-layout-column\"><div class=\"fusion-title title fusion-title-1 fusion-sep-none fusion-title-text fusion-title-size-three\" style=\"--awb-text-color:var(--awb-custom_color_1);\"><h3 class=\"fusion-title-heading title-heading-left fusion-responsive-typography-calculated\" style=\"margin:0;text-transform:uppercase;--fontSize:36;line-height:var(--awb-typography1-line-height);\">J\u00e4rnab Svetspartner<\/h3><\/div><div class=\"fusion-text fusion-text-2\"><p>F\u00f6rs\u00e4ljning, reparation och leverans<\/p>\n<p>I v\u00e5r butik hittar du allt du kan t\u00e4nkas beh\u00f6va inom industrif\u00f6rn\u00f6denheter. Vi s\u00e4ljer industrimaskiner fr\u00e5n varum\u00e4rken som Milwaukee, Metabo och Atlas Copco, svetsmaskiner fr\u00e5n ESAB, Kemppi och Fronius. Dessutom har vi ett stort urval av verktyg och andra tillbeh\u00f6r.  <\/p>\n<p>Reparationer av fr\u00e4mst svetsmaskiner och slangpaket utf\u00f6rs av personal som \u00e4r auktoriserad f\u00f6r kalibrering och validering, service och reparationer av varum\u00e4rken som Esab, Fronius, Kemppi, Hypertherm, Binzel och EWM.<\/p>\n<p>Leveranser sker dagligen med v\u00e5r egen budbil inom hela Malm\u00f6omr\u00e5det med omnejd (Lund, K\u00e4vlinge, Svedala, Trelleborg etc.) och vi kan garantera snabba leveranser.<\/p>\n<\/div><div ><a class=\"fusion-button button-flat fusion-button-default-size button-custom fusion-button-default button-1 fusion-button-default-span \" style=\"--button_accent_color:var(--awb-color1);--button_accent_hover_color:var(--awb-color1);--button_border_hover_color:var(--awb-color1);--button_gradient_top_color:var(--awb-color4);--button_gradient_bottom_color:var(--awb-color4);--button_gradient_top_color_hover:var(--awb-custom_color_1);--button_gradient_bottom_color_hover:var(--awb-custom_color_1);\" target=\"_blank\" rel=\"noopener noreferrer\" href=\"https:\/\/www.jarnab.se\/\"><span class=\"fusion-button-text awb-button__text awb-button__text--default\">Klicka h\u00e4r f\u00f6r mer information<\/span><\/a><\/div><\/div><\/div><\/div><\/div><div class=\"fusion-fullwidth fullwidth-box fusion-builder-row-2 fusion-flex-container has-pattern-background has-mask-background nonhundred-percent-fullwidth non-hundred-percent-height-scrolling\" style=\"--awb-border-radius-top-left:0px;--awb-border-radius-top-right:0px;--awb-border-radius-bottom-right:0px;--awb-border-radius-bottom-left:0px;--awb-flex-wrap:wrap;\" ><div class=\"fusion-builder-row fusion-row fusion-flex-align-items-flex-start fusion-flex-content-wrap\" style=\"max-width:1248px;margin-left: calc(-4% \/ 2 );margin-right: calc(-4% \/ 2 );\"><div class=\"fusion-layout-column fusion_builder_column fusion-builder-column-2 fusion_builder_column_1_2 1_2 fusion-flex-column\" style=\"--awb-bg-size:cover;--awb-width-large:50%;--awb-margin-top-large:0px;--awb-spacing-right-large:3.84%;--awb-margin-bottom-large:20px;--awb-spacing-left-large:3.84%;--awb-width-medium:50%;--awb-order-medium:0;--awb-spacing-right-medium:3.84%;--awb-spacing-left-medium:3.84%;--awb-width-small:100%;--awb-order-small:0;--awb-spacing-right-small:1.92%;--awb-spacing-left-small:1.92%;\"><div class=\"fusion-column-wrapper fusion-column-has-shadow fusion-flex-justify-content-flex-start fusion-content-layout-column\"><div class=\"fusion-title title fusion-title-2 fusion-sep-none fusion-title-text fusion-title-size-three\" style=\"--awb-text-color:var(--awb-custom_color_1);\"><h3 class=\"fusion-title-heading title-heading-left fusion-responsive-typography-calculated\" style=\"margin:0;text-transform:uppercase;--fontSize:36;line-height:var(--awb-typography1-line-height);\">FB Kedjor\u00a0<\/h3><\/div><div class=\"fusion-text fusion-text-3\"><p data-pm-slice=\"1 1 []\">L\u00e5ngsiktigt samarbete f\u00f6r b\u00e4ttre l\u00f6sningar<\/p>\n<p data-pm-slice=\"1 1 []\">Vi har haft ett n\u00e4ra samarbete med FB Kedjor under flera \u00e5r, och det samarbetet har vi nu valt att f\u00f6rdjupa ytterligare. FB Kedjor \u00e4r en p\u00e5litlig och v\u00e4lk\u00e4nd leverant\u00f6r av industriella kedjel\u00f6sningar. Deras breda sortiment av transport\u00f6rkedjor, komponenter och speciall\u00f6sningar h\u00e5ller h\u00f6g teknisk kvalitet och passar utm\u00e4rkt f\u00f6r v\u00e5ra kunders behov. Tack vare det ut\u00f6kade samarbetet kan vi nu erbjuda \u00e4nnu b\u00e4ttre service, snabbare leveranser och mer kompletta l\u00f6sningar. Det g\u00e4ller oavsett om det handlar om nyinstallationer, l\u00f6pande underh\u00e5ll eller snabba insatser vid driftstopp. Vi \u00e4r stolta \u00f6ver att arbeta tillsammans med FB Kedjor. De delar v\u00e5r syn p\u00e5 kvalitet, tillg\u00e4nglighet och l\u00e5ngsiktigt ansvar. Tillsammans s\u00e4kerst\u00e4ller vi att varje kund f\u00e5r en l\u00f6sning som fungerar fr\u00e5n f\u00f6rsta b\u00f6rjan.<\/p>\n<\/div><\/div><\/div><div class=\"fusion-layout-column fusion_builder_column fusion-builder-column-3 fusion_builder_column_1_2 1_2 fusion-flex-column fusion-flex-align-self-stretch\" style=\"--awb-bg-size:cover;--awb-width-large:50%;--awb-margin-top-large:0px;--awb-spacing-right-large:3.84%;--awb-margin-bottom-large:20px;--awb-spacing-left-large:3.84%;--awb-width-medium:50%;--awb-order-medium:0;--awb-spacing-right-medium:3.84%;--awb-spacing-left-medium:3.84%;--awb-width-small:100%;--awb-order-small:0;--awb-spacing-right-small:1.92%;--awb-spacing-left-small:1.92%;\"><div class=\"fusion-column-wrapper fusion-column-has-shadow fusion-flex-justify-content-center fusion-content-layout-column\"><div class=\"fusion-image-element \" style=\"text-align:center;--awb-caption-title-font-family:var(--h2_typography-font-family);--awb-caption-title-font-weight:var(--h2_typography-font-weight);--awb-caption-title-font-style:var(--h2_typography-font-style);--awb-caption-title-size:var(--h2_typography-font-size);--awb-caption-title-transform:var(--h2_typography-text-transform);--awb-caption-title-line-height:var(--h2_typography-line-height);--awb-caption-title-letter-spacing:var(--h2_typography-letter-spacing);\"><span class=\" fusion-imageframe imageframe-none imageframe-2 hover-type-none\"><a class=\"fusion-no-lightbox\" href=\"https:\/\/www.fb-kedjor.se\/?lang=en\" target=\"_blank\" aria-label=\"Partnerlogga\" rel=\"noopener noreferrer\"><img decoding=\"async\" width=\"313\" height=\"301\" src=\"https:\/\/expertweldingmaint.com\/wp-content\/uploads\/2026\/02\/Partnerlogga.svg\" alt class=\"img-responsive wp-image-878\"\/><\/a><\/span><\/div><\/div><\/div><\/div><\/div><\/p>\n","protected":false},"excerpt":{"rendered":"","protected":false},"author":1,"featured_media":0,"parent":0,"menu_order":0,"comment_status":"closed","ping_status":"closed","template":"100-width.php","meta":{"footnotes":""},"class_list":["post-498","page","type-page","status-publish","hentry"],"yoast_head":"<!-- This site is optimized with the Yoast SEO plugin v26.9 - https:\/\/yoast.com\/product\/yoast-seo-wordpress\/ -->\n<title>Partner sida - Expert Welding Maint<\/title>\n<meta name=\"robots\" content=\"index, follow, max-snippet:-1, max-image-preview:large, max-video-preview:-1\" \/>\n<link rel=\"canonical\" href=\"https:\/\/expertweldingmaint.com\/partner-page\/\" \/>\n<meta property=\"og:locale\" content=\"sv_SE\" \/>\n<meta property=\"og:type\" content=\"article\" \/>\n<meta property=\"og:title\" content=\"Partner sida - Expert Welding Maint\" \/>\n<meta property=\"og:url\" content=\"https:\/\/expertweldingmaint.com\/partner-page\/\" \/>\n<meta property=\"og:site_name\" content=\"Expert Welding Maint\" \/>\n<meta property=\"article:modified_time\" content=\"2026-02-10T10:21:14+00:00\" \/>\n<meta property=\"og:image\" content=\"https:\/\/expertweldingmaint.com\/wp-content\/uploads\/2024\/11\/open_graph.png\" \/>\n\t<meta property=\"og:image:width\" content=\"1200\" \/>\n\t<meta property=\"og:image:height\" content=\"675\" \/>\n\t<meta property=\"og:image:type\" content=\"image\/png\" \/>\n<meta name=\"twitter:card\" content=\"summary_large_image\" \/>\n<meta name=\"twitter:label1\" content=\"Ber\u00e4knad l\u00e4stid\" \/>\n\t<meta name=\"twitter:data1\" content=\"12 minuter\" \/>\n<script type=\"application\/ld+json\" class=\"yoast-schema-graph\">{\"@context\":\"https:\/\/schema.org\",\"@graph\":[{\"@type\":\"WebPage\",\"@id\":\"https:\/\/expertweldingmaint.com\/partner-page\/\",\"url\":\"https:\/\/expertweldingmaint.com\/partner-page\/\",\"name\":\"Partner sida - Expert Welding Maint\",\"isPartOf\":{\"@id\":\"https:\/\/expertweldingmaint.com\/#website\"},\"datePublished\":\"2024-06-27T06:51:04+00:00\",\"dateModified\":\"2026-02-10T10:21:14+00:00\",\"breadcrumb\":{\"@id\":\"https:\/\/expertweldingmaint.com\/partner-page\/#breadcrumb\"},\"inLanguage\":\"sv-SE\",\"potentialAction\":[{\"@type\":\"ReadAction\",\"target\":[\"https:\/\/expertweldingmaint.com\/partner-page\/\"]}]},{\"@type\":\"BreadcrumbList\",\"@id\":\"https:\/\/expertweldingmaint.com\/partner-page\/#breadcrumb\",\"itemListElement\":[{\"@type\":\"ListItem\",\"position\":1,\"name\":\"Home\",\"item\":\"https:\/\/expertweldingmaint.com\/sv\/framsida-2\/\"},{\"@type\":\"ListItem\",\"position\":2,\"name\":\"Partner sida\"}]},{\"@type\":\"WebSite\",\"@id\":\"https:\/\/expertweldingmaint.com\/#website\",\"url\":\"https:\/\/expertweldingmaint.com\/\",\"name\":\"Expert Welding Maint\",\"description\":\"\",\"potentialAction\":[{\"@type\":\"SearchAction\",\"target\":{\"@type\":\"EntryPoint\",\"urlTemplate\":\"https:\/\/expertweldingmaint.com\/?s={search_term_string}\"},\"query-input\":{\"@type\":\"PropertyValueSpecification\",\"valueRequired\":true,\"valueName\":\"search_term_string\"}}],\"inLanguage\":\"sv-SE\"}]}<\/script>\n<!-- \/ Yoast SEO plugin. -->","yoast_head_json":{"title":"Partner sida - Expert Welding Maint","robots":{"index":"index","follow":"follow","max-snippet":"max-snippet:-1","max-image-preview":"max-image-preview:large","max-video-preview":"max-video-preview:-1"},"canonical":"https:\/\/expertweldingmaint.com\/partner-page\/","og_locale":"sv_SE","og_type":"article","og_title":"Partner sida - Expert Welding Maint","og_url":"https:\/\/expertweldingmaint.com\/partner-page\/","og_site_name":"Expert Welding Maint","article_modified_time":"2026-02-10T10:21:14+00:00","og_image":[{"width":1200,"height":675,"url":"https:\/\/expertweldingmaint.com\/wp-content\/uploads\/2024\/11\/open_graph.png","type":"image\/png"}],"twitter_card":"summary_large_image","twitter_misc":{"Ber\u00e4knad l\u00e4stid":"12 minuter"},"schema":{"@context":"https:\/\/schema.org","@graph":[{"@type":"WebPage","@id":"https:\/\/expertweldingmaint.com\/partner-page\/","url":"https:\/\/expertweldingmaint.com\/partner-page\/","name":"Partner sida - Expert Welding Maint","isPartOf":{"@id":"https:\/\/expertweldingmaint.com\/#website"},"datePublished":"2024-06-27T06:51:04+00:00","dateModified":"2026-02-10T10:21:14+00:00","breadcrumb":{"@id":"https:\/\/expertweldingmaint.com\/partner-page\/#breadcrumb"},"inLanguage":"sv-SE","potentialAction":[{"@type":"ReadAction","target":["https:\/\/expertweldingmaint.com\/partner-page\/"]}]},{"@type":"BreadcrumbList","@id":"https:\/\/expertweldingmaint.com\/partner-page\/#breadcrumb","itemListElement":[{"@type":"ListItem","position":1,"name":"Home","item":"https:\/\/expertweldingmaint.com\/sv\/framsida-2\/"},{"@type":"ListItem","position":2,"name":"Partner sida"}]},{"@type":"WebSite","@id":"https:\/\/expertweldingmaint.com\/#website","url":"https:\/\/expertweldingmaint.com\/","name":"Expert Welding Maint","description":"","potentialAction":[{"@type":"SearchAction","target":{"@type":"EntryPoint","urlTemplate":"https:\/\/expertweldingmaint.com\/?s={search_term_string}"},"query-input":{"@type":"PropertyValueSpecification","valueRequired":true,"valueName":"search_term_string"}}],"inLanguage":"sv-SE"}]}},"_links":{"self":[{"href":"https:\/\/expertweldingmaint.com\/sv\/wp-json\/wp\/v2\/pages\/498","targetHints":{"allow":["GET"]}}],"collection":[{"href":"https:\/\/expertweldingmaint.com\/sv\/wp-json\/wp\/v2\/pages"}],"about":[{"href":"https:\/\/expertweldingmaint.com\/sv\/wp-json\/wp\/v2\/types\/page"}],"author":[{"embeddable":true,"href":"https:\/\/expertweldingmaint.com\/sv\/wp-json\/wp\/v2\/users\/1"}],"replies":[{"embeddable":true,"href":"https:\/\/expertweldingmaint.com\/sv\/wp-json\/wp\/v2\/comments?post=498"}],"version-history":[{"count":10,"href":"https:\/\/expertweldingmaint.com\/sv\/wp-json\/wp\/v2\/pages\/498\/revisions"}],"predecessor-version":[{"id":974,"href":"https:\/\/expertweldingmaint.com\/sv\/wp-json\/wp\/v2\/pages\/498\/revisions\/974"}],"wp:attachment":[{"href":"https:\/\/expertweldingmaint.com\/sv\/wp-json\/wp\/v2\/media?parent=498"}],"curies":[{"name":"wp","href":"https:\/\/api.w.org\/{rel}","templated":true}]}}