{"id":834,"date":"2025-01-27T14:54:52","date_gmt":"2025-01-27T14:54:52","guid":{"rendered":"https:\/\/expertweldingmaint.com\/policy-for-cookies\/"},"modified":"2025-01-27T14:55:44","modified_gmt":"2025-01-27T14:55:44","slug":"policy-for-cookies","status":"publish","type":"page","link":"https:\/\/expertweldingmaint.com\/sv\/policy-for-cookies\/","title":{"rendered":"Policy f\u00f6r cookies"},"content":{"rendered":"<div class=\"fusion-fullwidth fullwidth-box fusion-builder-row-1 fusion-flex-container has-pattern-background has-mask-background nonhundred-percent-fullwidth non-hundred-percent-height-scrolling\" style=\"--awb-border-radius-top-left:0px;--awb-border-radius-top-right:0px;--awb-border-radius-bottom-right:0px;--awb-border-radius-bottom-left:0px;--awb-flex-wrap:wrap;\" ><div class=\"fusion-builder-row fusion-row fusion-flex-align-items-flex-start fusion-flex-content-wrap\" style=\"max-width:1248px;margin-left: calc(-4% \/ 2 );margin-right: calc(-4% \/ 2 );\"><div class=\"fusion-layout-column fusion_builder_column fusion-builder-column-0 fusion_builder_column_1_1 1_1 fusion-flex-column\" style=\"--awb-bg-size:cover;--awb-width-large:100%;--awb-margin-top-large:0px;--awb-spacing-right-large:1.92%;--awb-margin-bottom-large:20px;--awb-spacing-left-large:1.92%;--awb-width-medium:100%;--awb-order-medium:0;--awb-spacing-right-medium:1.92%;--awb-spacing-left-medium:1.92%;--awb-width-small:100%;--awb-order-small:0;--awb-spacing-right-small:1.92%;--awb-spacing-left-small:1.92%;\"><div class=\"fusion-column-wrapper fusion-column-has-shadow fusion-flex-justify-content-flex-start fusion-content-layout-column\">\n<style>\n    a.cky-banner-element {\n        padding: 8px 30px;\n        background: #F8F9FA;\n        color: #858A8F;\n        border: 1px solid #DEE2E6;\n        box-sizing: border-box;\n        border-radius: 2px;\n        cursor: pointer;\n}\n<\/style>\n<h1 class=\"cookie-policy-h1\">Policy f\u00f6r cookies<\/h1>\n<p>  Ikrafttr\u00e4dande: 27-Jan-2025 <br \/> Senast uppdaterad: 27-Jan-2025  <\/p>\n<h5>Vad \u00e4r cookies?<\/h5>\n<div class=\"cookie-policy-p\">\n<p>Denna cookiepolicy f\u00f6rklarar vad cookies \u00e4r och hur vi anv\u00e4nder dem, vilka typer av cookies vi anv\u00e4nder, dvs. vilken information vi samlar in med hj\u00e4lp av cookies och hur den informationen anv\u00e4nds, samt hur du hanterar cookieinst\u00e4llningarna.<\/p>\n<p>Cookies \u00e4r sm\u00e5 textfiler som anv\u00e4nds f\u00f6r att lagra sm\u00e5 bitar av information. De lagras p\u00e5 din enhet n\u00e4r webbplatsen laddas i din webbl\u00e4sare. Dessa cookies hj\u00e4lper oss att f\u00e5 webbplatsen att fungera korrekt, g\u00f6ra den s\u00e4krare, ge b\u00e4ttre anv\u00e4ndarupplevelse och f\u00f6rst\u00e5 hur webbplatsen fungerar samt att analysera vad som fungerar och vad som beh\u00f6ver f\u00f6rb\u00e4ttras.  <\/p>\n<\/div>\n<h5>Hur anv\u00e4nder vi cookies?<\/h5>\n<div class=\"cookie-policy-p\">\n<p>Som de flesta onlinetj\u00e4nster anv\u00e4nder v\u00e5r webbplats f\u00f6rstaparts- och tredjepartscookies f\u00f6r flera olika \u00e4ndam\u00e5l. F\u00f6rstapartscookies \u00e4r oftast n\u00f6dv\u00e4ndiga f\u00f6r att webbplatsen ska fungera p\u00e5 r\u00e4tt s\u00e4tt, och de samlar inte in n\u00e5gra uppgifter som kan identifiera dig personligen. <\/p>\n<p>De tredjepartscookies som anv\u00e4nds p\u00e5 v\u00e5r webbplats \u00e4r fr\u00e4mst till f\u00f6r att f\u00f6rst\u00e5 hur webbplatsen fungerar, hur du interagerar med v\u00e5r webbplats, h\u00e5lla v\u00e5ra tj\u00e4nster s\u00e4kra, tillhandah\u00e5lla annonser som \u00e4r relevanta f\u00f6r dig och sammantaget ge dig en b\u00e4ttre och f\u00f6rb\u00e4ttrad anv\u00e4ndarupplevelse och hj\u00e4lpa till att p\u00e5skynda dina framtida interaktioner med v\u00e5r webbplats.<\/p>\n<\/div>\n<h5>Typer av cookies som vi anv\u00e4nder<\/h5>\n<div class=\"cky-audit-table-element\"><\/div>\n<h5 style=\"margin-bottom:20px;\">Hantera cookiepreferenser<\/h5>\n<p>    <a class=\"cky-banner-element\">Inst\u00e4llningar f\u00f6r cookies<\/a> <\/p>\n<div>\n<p>Du kan \u00e4ndra dina cookiepreferenser n\u00e4r som helst genom att klicka p\u00e5 knappen ovan. D\u00e5 kan du \u00e5terg\u00e5 till bannern f\u00f6r samtycke till cookies och \u00e4ndra dina inst\u00e4llningar eller \u00e5terkalla ditt samtycke direkt.   <\/p>\n<p>Ut\u00f6ver detta erbjuder olika webbl\u00e4sare olika metoder f\u00f6r att blockera och radera cookies som anv\u00e4nds av webbplatser. Du kan \u00e4ndra inst\u00e4llningarna i din webbl\u00e4sare f\u00f6r att blockera\/radera cookies. Nedan finns l\u00e4nkar till supportdokument om hur du hanterar och tar bort cookies fr\u00e5n de st\u00f6rsta webbl\u00e4sarna.  <\/p>\n<p>Chrome: <a target=\"_blank\" href=\"https:\/\/support.google.com\/accounts\/answer\/32050\">https:\/\/support.google.com\/accounts\/answer\/32050<\/a><\/p>\n<p>Safari: <a target=\"_blank\" href=\"https:\/\/support.apple.com\/en-in\/guide\/safari\/sfri11471\/mac\">https:\/\/support.apple.com\/en-in\/guide\/safari\/sfri11471\/mac<\/a><\/p>\n<p>Firefox: <a target=\"_blank\" href=\"https:\/\/support.mozilla.org\/en-US\/kb\/clear-cookies-and-site-data-firefox?redirectslug=delete-cookies-remove-info-websites-stored&redirectlocale=en-US\">https:\/\/support.mozilla.org\/en-US\/kb\/clear-cookies-and-site-data-firefox?redirectslug=delete-cookies-remove-info-websites-stored&redirectlocale=en-US<\/a><\/p>\n<p>Internet Explorer: <a target=\"_blank\" href=\"https:\/\/support.microsoft.com\/en-us\/topic\/how-to-delete-cookie-files-in-internet-explorer-bca9446f-d873-78de-77ba-d42645fa52fc\">https:\/\/support.microsoft.com\/en-us\/topic\/how-to-delete-cookie-files-in-internet-explorer-bca9446f-d873-78de-77ba-d42645fa52fc<\/a><\/p>\n<p>Om du anv\u00e4nder n\u00e5gon annan webbl\u00e4sare, v\u00e4nligen bes\u00f6k din webbl\u00e4sares officiella supportdokument.<\/p>\n<\/div>\n<p class=\"cookie-policy-p\">  Cookiepolicy genererad av <a target=\"_blank\" href=\"https:\/\/www.cookieyes.com\/?utm_source=CP&utm_medium=footer&utm_campaign=UW\">CookieYes \u2013 Generator<\/a> f\u00f6r cookiepolicy.  <\/p>\n<\/div><\/div><\/div><\/div>\n","protected":false},"excerpt":{"rendered":"","protected":false},"author":2,"featured_media":0,"parent":0,"menu_order":0,"comment_status":"closed","ping_status":"closed","template":"100-width.php","meta":{"footnotes":""},"class_list":["post-834","page","type-page","status-publish","hentry"],"yoast_head":"<!-- This site is optimized with the Yoast SEO plugin v26.9 - https:\/\/yoast.com\/product\/yoast-seo-wordpress\/ -->\n<title>Policy f\u00f6r cookies - Expert Welding Maint<\/title>\n<meta name=\"robots\" content=\"index, follow, max-snippet:-1, max-image-preview:large, max-video-preview:-1\" \/>\n<link rel=\"canonical\" href=\"https:\/\/expertweldingmaint.com\/sv\/policy-for-cookies\/\" \/>\n<meta property=\"og:locale\" content=\"sv_SE\" \/>\n<meta property=\"og:type\" content=\"article\" \/>\n<meta property=\"og:title\" content=\"Policy f\u00f6r cookies - Expert Welding Maint\" \/>\n<meta property=\"og:url\" content=\"https:\/\/expertweldingmaint.com\/sv\/policy-for-cookies\/\" \/>\n<meta property=\"og:site_name\" content=\"Expert Welding Maint\" \/>\n<meta property=\"article:modified_time\" content=\"2025-01-27T14:55:44+00:00\" \/>\n<meta property=\"og:image\" content=\"https:\/\/expertweldingmaint.com\/wp-content\/uploads\/2024\/11\/open_graph.png\" \/>\n\t<meta property=\"og:image:width\" content=\"1200\" \/>\n\t<meta property=\"og:image:height\" content=\"675\" \/>\n\t<meta property=\"og:image:type\" content=\"image\/png\" \/>\n<meta name=\"twitter:card\" content=\"summary_large_image\" \/>\n<meta name=\"twitter:label1\" content=\"Ber\u00e4knad l\u00e4stid\" \/>\n\t<meta name=\"twitter:data1\" content=\"5 minuter\" \/>\n<script type=\"application\/ld+json\" class=\"yoast-schema-graph\">{\"@context\":\"https:\/\/schema.org\",\"@graph\":[{\"@type\":\"WebPage\",\"@id\":\"https:\/\/expertweldingmaint.com\/sv\/policy-for-cookies\/\",\"url\":\"https:\/\/expertweldingmaint.com\/sv\/policy-for-cookies\/\",\"name\":\"Policy f\u00f6r cookies - Expert Welding Maint\",\"isPartOf\":{\"@id\":\"https:\/\/expertweldingmaint.com\/#website\"},\"datePublished\":\"2025-01-27T14:54:52+00:00\",\"dateModified\":\"2025-01-27T14:55:44+00:00\",\"breadcrumb\":{\"@id\":\"https:\/\/expertweldingmaint.com\/sv\/policy-for-cookies\/#breadcrumb\"},\"inLanguage\":\"sv-SE\",\"potentialAction\":[{\"@type\":\"ReadAction\",\"target\":[\"https:\/\/expertweldingmaint.com\/sv\/policy-for-cookies\/\"]}]},{\"@type\":\"BreadcrumbList\",\"@id\":\"https:\/\/expertweldingmaint.com\/sv\/policy-for-cookies\/#breadcrumb\",\"itemListElement\":[{\"@type\":\"ListItem\",\"position\":1,\"name\":\"Home\",\"item\":\"https:\/\/expertweldingmaint.com\/sv\/framsida-2\/\"},{\"@type\":\"ListItem\",\"position\":2,\"name\":\"Policy f\u00f6r cookies\"}]},{\"@type\":\"WebSite\",\"@id\":\"https:\/\/expertweldingmaint.com\/#website\",\"url\":\"https:\/\/expertweldingmaint.com\/\",\"name\":\"Expert Welding Maint\",\"description\":\"\",\"potentialAction\":[{\"@type\":\"SearchAction\",\"target\":{\"@type\":\"EntryPoint\",\"urlTemplate\":\"https:\/\/expertweldingmaint.com\/?s={search_term_string}\"},\"query-input\":{\"@type\":\"PropertyValueSpecification\",\"valueRequired\":true,\"valueName\":\"search_term_string\"}}],\"inLanguage\":\"sv-SE\"}]}<\/script>\n<!-- \/ Yoast SEO plugin. -->","yoast_head_json":{"title":"Policy f\u00f6r cookies - Expert Welding Maint","robots":{"index":"index","follow":"follow","max-snippet":"max-snippet:-1","max-image-preview":"max-image-preview:large","max-video-preview":"max-video-preview:-1"},"canonical":"https:\/\/expertweldingmaint.com\/sv\/policy-for-cookies\/","og_locale":"sv_SE","og_type":"article","og_title":"Policy f\u00f6r cookies - Expert Welding Maint","og_url":"https:\/\/expertweldingmaint.com\/sv\/policy-for-cookies\/","og_site_name":"Expert Welding Maint","article_modified_time":"2025-01-27T14:55:44+00:00","og_image":[{"width":1200,"height":675,"url":"https:\/\/expertweldingmaint.com\/wp-content\/uploads\/2024\/11\/open_graph.png","type":"image\/png"}],"twitter_card":"summary_large_image","twitter_misc":{"Ber\u00e4knad l\u00e4stid":"5 minuter"},"schema":{"@context":"https:\/\/schema.org","@graph":[{"@type":"WebPage","@id":"https:\/\/expertweldingmaint.com\/sv\/policy-for-cookies\/","url":"https:\/\/expertweldingmaint.com\/sv\/policy-for-cookies\/","name":"Policy f\u00f6r cookies - Expert Welding Maint","isPartOf":{"@id":"https:\/\/expertweldingmaint.com\/#website"},"datePublished":"2025-01-27T14:54:52+00:00","dateModified":"2025-01-27T14:55:44+00:00","breadcrumb":{"@id":"https:\/\/expertweldingmaint.com\/sv\/policy-for-cookies\/#breadcrumb"},"inLanguage":"sv-SE","potentialAction":[{"@type":"ReadAction","target":["https:\/\/expertweldingmaint.com\/sv\/policy-for-cookies\/"]}]},{"@type":"BreadcrumbList","@id":"https:\/\/expertweldingmaint.com\/sv\/policy-for-cookies\/#breadcrumb","itemListElement":[{"@type":"ListItem","position":1,"name":"Home","item":"https:\/\/expertweldingmaint.com\/sv\/framsida-2\/"},{"@type":"ListItem","position":2,"name":"Policy f\u00f6r cookies"}]},{"@type":"WebSite","@id":"https:\/\/expertweldingmaint.com\/#website","url":"https:\/\/expertweldingmaint.com\/","name":"Expert Welding Maint","description":"","potentialAction":[{"@type":"SearchAction","target":{"@type":"EntryPoint","urlTemplate":"https:\/\/expertweldingmaint.com\/?s={search_term_string}"},"query-input":{"@type":"PropertyValueSpecification","valueRequired":true,"valueName":"search_term_string"}}],"inLanguage":"sv-SE"}]}},"_links":{"self":[{"href":"https:\/\/expertweldingmaint.com\/sv\/wp-json\/wp\/v2\/pages\/834","targetHints":{"allow":["GET"]}}],"collection":[{"href":"https:\/\/expertweldingmaint.com\/sv\/wp-json\/wp\/v2\/pages"}],"about":[{"href":"https:\/\/expertweldingmaint.com\/sv\/wp-json\/wp\/v2\/types\/page"}],"author":[{"embeddable":true,"href":"https:\/\/expertweldingmaint.com\/sv\/wp-json\/wp\/v2\/users\/2"}],"replies":[{"embeddable":true,"href":"https:\/\/expertweldingmaint.com\/sv\/wp-json\/wp\/v2\/comments?post=834"}],"version-history":[{"count":3,"href":"https:\/\/expertweldingmaint.com\/sv\/wp-json\/wp\/v2\/pages\/834\/revisions"}],"predecessor-version":[{"id":838,"href":"https:\/\/expertweldingmaint.com\/sv\/wp-json\/wp\/v2\/pages\/834\/revisions\/838"}],"wp:attachment":[{"href":"https:\/\/expertweldingmaint.com\/sv\/wp-json\/wp\/v2\/media?parent=834"}],"curies":[{"name":"wp","href":"https:\/\/api.w.org\/{rel}","templated":true}]}}