{"id":847,"date":"2025-01-29T09:36:09","date_gmt":"2025-01-29T09:36:09","guid":{"rendered":"https:\/\/expertweldingmaint.com\/integritetspolicy\/"},"modified":"2025-01-29T09:42:50","modified_gmt":"2025-01-29T09:42:50","slug":"integritetspolicy","status":"publish","type":"page","link":"https:\/\/expertweldingmaint.com\/sv\/integritetspolicy\/","title":{"rendered":"Integritetspolicy"},"content":{"rendered":"<div class=\"fusion-fullwidth fullwidth-box fusion-builder-row-1 fusion-flex-container has-pattern-background has-mask-background nonhundred-percent-fullwidth non-hundred-percent-height-scrolling\" style=\"--awb-border-radius-top-left:0px;--awb-border-radius-top-right:0px;--awb-border-radius-bottom-right:0px;--awb-border-radius-bottom-left:0px;--awb-flex-wrap:wrap;\" ><div class=\"fusion-builder-row fusion-row fusion-flex-align-items-flex-start fusion-flex-content-wrap\" style=\"max-width:1248px;margin-left: calc(-4% \/ 2 );margin-right: calc(-4% \/ 2 );\"><div class=\"fusion-layout-column fusion_builder_column fusion-builder-column-0 fusion_builder_column_1_1 1_1 fusion-flex-column\" style=\"--awb-bg-size:cover;--awb-width-large:100%;--awb-margin-top-large:0px;--awb-spacing-right-large:1.92%;--awb-margin-bottom-large:20px;--awb-spacing-left-large:1.92%;--awb-width-medium:100%;--awb-order-medium:0;--awb-spacing-right-medium:1.92%;--awb-spacing-left-medium:1.92%;--awb-width-small:100%;--awb-order-small:0;--awb-spacing-right-small:1.92%;--awb-spacing-left-small:1.92%;\"><div class=\"fusion-column-wrapper fusion-column-has-shadow fusion-flex-justify-content-flex-start fusion-content-layout-column\"><div class=\"fusion-title title fusion-title-1 fusion-sep-none fusion-title-text fusion-title-size-one\"><h1 class=\"fusion-title-heading title-heading-left fusion-responsive-typography-calculated\" style=\"margin:0;--fontSize:64;line-height:var(--awb-typography1-line-height);\">Integritetspolicy<\/h1><\/div><div class=\"fusion-text fusion-text-1\"><p><strong>Senast uppdaterad den 29-Jan-2025<\/strong><br \/><strong>Datum f\u00f6r ikrafttr\u00e4dande 29-Jan-2025<\/strong><\/p>\n<p>Denna integritetspolicy beskriver Expert Welding Maintains policy.<\/p>\n<p>Hedv\u00e4gen 172<br \/>231 66 Trelleborg <br \/>Sverige<\/p>\n<p>E-post: <a href=\"mailto:info@expertweldingmaint.com\">info@expertweldingmaint.com<\/a><br \/>Telefon +46 702-63 82 69 <br \/>+46 708-45 22 32<\/p>\n<p>Om insamling, anv\u00e4ndning och utl\u00e4mnande av din information som vi samlar in n\u00e4r du anv\u00e4nder v\u00e5r webbplats ( https:\/\/expertweldingmaint.com ). (\u201dTj\u00e4nsten\u201d). Genom att komma \u00e5t eller anv\u00e4nda tj\u00e4nsten samtycker du till insamling, anv\u00e4ndning och avsl\u00f6jande av din information i enlighet med denna sekretesspolicy. Om du inte samtycker till detta ska du inte g\u00e5 in p\u00e5 eller anv\u00e4nda Tj\u00e4nsten.   <\/p>\n<p>Vi kan \u00e4ndra denna Integritetspolicy n\u00e4r som helst utan f\u00f6reg\u00e5ende meddelande till dig och kommer att l\u00e4gga upp den reviderade Integritetspolicyn p\u00e5 Tj\u00e4nsten. Den reviderade Policyn tr\u00e4der i kraft 180 dagar fr\u00e5n det att den reviderade Policyn publiceras i Tj\u00e4nsten och din fortsatta tillg\u00e5ng till eller anv\u00e4ndning av Tj\u00e4nsten efter denna tidpunkt inneb\u00e4r att du accepterar den reviderade Integritetspolicyn. Vi rekommenderar d\u00e4rf\u00f6r att du regelbundet granskar denna sida.  <\/p>\n<\/div><div class=\"fusion-title title fusion-title-2 fusion-sep-none fusion-title-text fusion-title-size-two\" style=\"--awb-font-size:2em;\"><h2 class=\"fusion-title-heading title-heading-left fusion-responsive-typography-calculated\" style=\"margin:0;font-size:1em;--fontSize:32;line-height:var(--awb-typography1-line-height);\">Dina r\u00e4ttigheter:<\/h2><\/div><div class=\"fusion-text fusion-text-2\"><p>Beroende p\u00e5 vilken lag som g\u00e4ller kan du ha r\u00e4tt att f\u00e5 tillg\u00e5ng till och r\u00e4tta eller radera dina personuppgifter eller f\u00e5 en kopia av dina personuppgifter, begr\u00e4nsa eller inv\u00e4nda mot aktiv behandling av dina uppgifter, be oss att dela (porta) dina personuppgifter till en annan enhet, \u00e5terkalla samtycke du gett oss till att behandla dina uppgifter, r\u00e4tt att l\u00e4mna in ett klagom\u00e5l till en lagstadgad myndighet och andra r\u00e4ttigheter som kan vara relevanta enligt g\u00e4llande lagar. F\u00f6r att ut\u00f6va dessa r\u00e4ttigheter kan du skriva till oss p\u00e5 info@expertweldingmaint.com. Vi kommer att besvara din beg\u00e4ran i enlighet med till\u00e4mplig lag.  <\/p>\n<p>Observera att om du inte till\u00e5ter oss att samla in eller behandla de personuppgifter som kr\u00e4vs eller \u00e5terkallar ditt samtycke till att behandla dem f\u00f6r de \u00e4ndam\u00e5l som kr\u00e4vs, kan det h\u00e4nda att du inte f\u00e5r tillg\u00e5ng till eller kan anv\u00e4nda de tj\u00e4nster f\u00f6r vilka dina uppgifter efterfr\u00e5gades.<\/p>\n<\/div><div class=\"fusion-title title fusion-title-3 fusion-sep-none fusion-title-text fusion-title-size-two\" style=\"--awb-font-size:2em;\"><h2 class=\"fusion-title-heading title-heading-left fusion-responsive-typography-calculated\" style=\"margin:0;font-size:1em;--fontSize:32;line-height:var(--awb-typography1-line-height);\">Cookies etc.<\/h2><\/div><div class=\"fusion-text fusion-text-3\"><p>F\u00f6r mer information om hur vi anv\u00e4nder dessa och dina val i f\u00f6rh\u00e5llande till dessa sp\u00e5rningstekniker, se v\u00e5r <a href=\"https:\/\/expertweldingmaint.com\/sv\/policy-for-cookies\/\">cookiepolicy<\/a>.<\/p>\n<\/div><div class=\"fusion-title title fusion-title-4 fusion-sep-none fusion-title-text fusion-title-size-two\" style=\"--awb-font-size:2em;\"><h2 class=\"fusion-title-heading title-heading-left fusion-responsive-typography-calculated\" style=\"margin:0;font-size:1em;--fontSize:32;line-height:var(--awb-typography1-line-height);\">S\u00e4kerhet:<\/h2><\/div><div class=\"fusion-text fusion-text-4\"><p>S\u00e4kerheten f\u00f6r din information \u00e4r viktig f\u00f6r oss och vi kommer att anv\u00e4nda rimliga s\u00e4kerhets\u00e5tg\u00e4rder f\u00f6r att f\u00f6rhindra f\u00f6rlust, missbruk eller obeh\u00f6rig \u00e4ndring av din information under v\u00e5r kontroll. Med tanke p\u00e5 de inneboende riskerna kan vi dock inte garantera absolut s\u00e4kerhet och f\u00f6ljaktligen kan vi inte s\u00e4kerst\u00e4lla eller garantera s\u00e4kerheten f\u00f6r n\u00e5gon information som du \u00f6verf\u00f6r till oss och du g\u00f6r det p\u00e5 egen risk. <\/p>\n<\/div><div class=\"fusion-title title fusion-title-5 fusion-sep-none fusion-title-text fusion-title-size-two\" style=\"--awb-font-size:2em;\"><h2 class=\"fusion-title-heading title-heading-left fusion-responsive-typography-calculated\" style=\"margin:0;font-size:1em;--fontSize:32;line-height:var(--awb-typography1-line-height);\">Ombud f\u00f6r klagom\u00e5l och dataskydd:<\/h2><\/div><div class=\"fusion-text fusion-text-5\"><p>Om du har n\u00e5gra fr\u00e5gor eller funderingar om behandlingen av din information som finns tillg\u00e4nglig hos oss, kan du skicka e-post till v\u00e5r klagom\u00e5lsansvarig p\u00e5 Expert Welding Maint<\/p>\n<p>Hedv\u00e4gen 172<br \/>231 66 Trelleborg<\/p>\n<p>E-post: <a href=\"mailto:info@expertweldingmaint.com\">info@expertweldingmaint.com.<\/a><\/p>\n<p>Vi kommer att ta itu med dina fr\u00e5gor i enlighet med till\u00e4mplig lag.<\/p>\n<p><em>Integritetspolicy genererad med CookieYes.<\/em><\/p>\n<\/div><\/div><\/div><\/div><\/div>\n","protected":false},"excerpt":{"rendered":"","protected":false},"author":2,"featured_media":0,"parent":0,"menu_order":0,"comment_status":"closed","ping_status":"closed","template":"100-width.php","meta":{"footnotes":""},"class_list":["post-847","page","type-page","status-publish","hentry"],"yoast_head":"<!-- This site is optimized with the Yoast SEO plugin v26.9 - https:\/\/yoast.com\/product\/yoast-seo-wordpress\/ -->\n<title>Integritetspolicy - Expert Welding Maint<\/title>\n<meta name=\"robots\" content=\"index, follow, max-snippet:-1, max-image-preview:large, max-video-preview:-1\" \/>\n<link rel=\"canonical\" href=\"https:\/\/expertweldingmaint.com\/sv\/integritetspolicy\/\" \/>\n<meta property=\"og:locale\" content=\"sv_SE\" \/>\n<meta property=\"og:type\" content=\"article\" \/>\n<meta property=\"og:title\" content=\"Integritetspolicy - Expert Welding Maint\" \/>\n<meta property=\"og:url\" content=\"https:\/\/expertweldingmaint.com\/sv\/integritetspolicy\/\" \/>\n<meta property=\"og:site_name\" content=\"Expert Welding Maint\" \/>\n<meta property=\"article:modified_time\" content=\"2025-01-29T09:42:50+00:00\" \/>\n<meta property=\"og:image\" content=\"https:\/\/expertweldingmaint.com\/wp-content\/uploads\/2024\/11\/open_graph.png\" \/>\n\t<meta property=\"og:image:width\" content=\"1200\" \/>\n\t<meta property=\"og:image:height\" content=\"675\" \/>\n\t<meta property=\"og:image:type\" content=\"image\/png\" \/>\n<meta name=\"twitter:card\" content=\"summary_large_image\" \/>\n<meta name=\"twitter:label1\" content=\"Ber\u00e4knad l\u00e4stid\" \/>\n\t<meta name=\"twitter:data1\" content=\"8 minuter\" \/>\n<script type=\"application\/ld+json\" class=\"yoast-schema-graph\">{\"@context\":\"https:\/\/schema.org\",\"@graph\":[{\"@type\":\"WebPage\",\"@id\":\"https:\/\/expertweldingmaint.com\/sv\/integritetspolicy\/\",\"url\":\"https:\/\/expertweldingmaint.com\/sv\/integritetspolicy\/\",\"name\":\"Integritetspolicy - Expert Welding Maint\",\"isPartOf\":{\"@id\":\"https:\/\/expertweldingmaint.com\/#website\"},\"datePublished\":\"2025-01-29T09:36:09+00:00\",\"dateModified\":\"2025-01-29T09:42:50+00:00\",\"breadcrumb\":{\"@id\":\"https:\/\/expertweldingmaint.com\/sv\/integritetspolicy\/#breadcrumb\"},\"inLanguage\":\"sv-SE\",\"potentialAction\":[{\"@type\":\"ReadAction\",\"target\":[\"https:\/\/expertweldingmaint.com\/sv\/integritetspolicy\/\"]}]},{\"@type\":\"BreadcrumbList\",\"@id\":\"https:\/\/expertweldingmaint.com\/sv\/integritetspolicy\/#breadcrumb\",\"itemListElement\":[{\"@type\":\"ListItem\",\"position\":1,\"name\":\"Home\",\"item\":\"https:\/\/expertweldingmaint.com\/sv\/framsida-2\/\"},{\"@type\":\"ListItem\",\"position\":2,\"name\":\"Integritetspolicy\"}]},{\"@type\":\"WebSite\",\"@id\":\"https:\/\/expertweldingmaint.com\/#website\",\"url\":\"https:\/\/expertweldingmaint.com\/\",\"name\":\"Expert Welding Maint\",\"description\":\"\",\"potentialAction\":[{\"@type\":\"SearchAction\",\"target\":{\"@type\":\"EntryPoint\",\"urlTemplate\":\"https:\/\/expertweldingmaint.com\/?s={search_term_string}\"},\"query-input\":{\"@type\":\"PropertyValueSpecification\",\"valueRequired\":true,\"valueName\":\"search_term_string\"}}],\"inLanguage\":\"sv-SE\"}]}<\/script>\n<!-- \/ Yoast SEO plugin. -->","yoast_head_json":{"title":"Integritetspolicy - Expert Welding Maint","robots":{"index":"index","follow":"follow","max-snippet":"max-snippet:-1","max-image-preview":"max-image-preview:large","max-video-preview":"max-video-preview:-1"},"canonical":"https:\/\/expertweldingmaint.com\/sv\/integritetspolicy\/","og_locale":"sv_SE","og_type":"article","og_title":"Integritetspolicy - Expert Welding Maint","og_url":"https:\/\/expertweldingmaint.com\/sv\/integritetspolicy\/","og_site_name":"Expert Welding Maint","article_modified_time":"2025-01-29T09:42:50+00:00","og_image":[{"width":1200,"height":675,"url":"https:\/\/expertweldingmaint.com\/wp-content\/uploads\/2024\/11\/open_graph.png","type":"image\/png"}],"twitter_card":"summary_large_image","twitter_misc":{"Ber\u00e4knad l\u00e4stid":"8 minuter"},"schema":{"@context":"https:\/\/schema.org","@graph":[{"@type":"WebPage","@id":"https:\/\/expertweldingmaint.com\/sv\/integritetspolicy\/","url":"https:\/\/expertweldingmaint.com\/sv\/integritetspolicy\/","name":"Integritetspolicy - Expert Welding Maint","isPartOf":{"@id":"https:\/\/expertweldingmaint.com\/#website"},"datePublished":"2025-01-29T09:36:09+00:00","dateModified":"2025-01-29T09:42:50+00:00","breadcrumb":{"@id":"https:\/\/expertweldingmaint.com\/sv\/integritetspolicy\/#breadcrumb"},"inLanguage":"sv-SE","potentialAction":[{"@type":"ReadAction","target":["https:\/\/expertweldingmaint.com\/sv\/integritetspolicy\/"]}]},{"@type":"BreadcrumbList","@id":"https:\/\/expertweldingmaint.com\/sv\/integritetspolicy\/#breadcrumb","itemListElement":[{"@type":"ListItem","position":1,"name":"Home","item":"https:\/\/expertweldingmaint.com\/sv\/framsida-2\/"},{"@type":"ListItem","position":2,"name":"Integritetspolicy"}]},{"@type":"WebSite","@id":"https:\/\/expertweldingmaint.com\/#website","url":"https:\/\/expertweldingmaint.com\/","name":"Expert Welding Maint","description":"","potentialAction":[{"@type":"SearchAction","target":{"@type":"EntryPoint","urlTemplate":"https:\/\/expertweldingmaint.com\/?s={search_term_string}"},"query-input":{"@type":"PropertyValueSpecification","valueRequired":true,"valueName":"search_term_string"}}],"inLanguage":"sv-SE"}]}},"_links":{"self":[{"href":"https:\/\/expertweldingmaint.com\/sv\/wp-json\/wp\/v2\/pages\/847","targetHints":{"allow":["GET"]}}],"collection":[{"href":"https:\/\/expertweldingmaint.com\/sv\/wp-json\/wp\/v2\/pages"}],"about":[{"href":"https:\/\/expertweldingmaint.com\/sv\/wp-json\/wp\/v2\/types\/page"}],"author":[{"embeddable":true,"href":"https:\/\/expertweldingmaint.com\/sv\/wp-json\/wp\/v2\/users\/2"}],"replies":[{"embeddable":true,"href":"https:\/\/expertweldingmaint.com\/sv\/wp-json\/wp\/v2\/comments?post=847"}],"version-history":[{"count":4,"href":"https:\/\/expertweldingmaint.com\/sv\/wp-json\/wp\/v2\/pages\/847\/revisions"}],"predecessor-version":[{"id":852,"href":"https:\/\/expertweldingmaint.com\/sv\/wp-json\/wp\/v2\/pages\/847\/revisions\/852"}],"wp:attachment":[{"href":"https:\/\/expertweldingmaint.com\/sv\/wp-json\/wp\/v2\/media?parent=847"}],"curies":[{"name":"wp","href":"https:\/\/api.w.org\/{rel}","templated":true}]}}